{"id":16,"date":"2025-10-25T17:48:36","date_gmt":"2025-10-25T17:48:36","guid":{"rendered":"https:\/\/jaimeriascos.org\/?page_id=16"},"modified":"2026-01-27T18:15:17","modified_gmt":"2026-01-27T18:15:17","slug":"programs","status":"publish","type":"page","link":"https:\/\/jaimeriascos.org\/es\/programs\/","title":{"rendered":"Programas"},"content":{"rendered":"<div data-elementor-type=\"wp-page\" data-elementor-id=\"16\" class=\"elementor elementor-16\">\n\t\t\t\t<div class=\"elementor-element elementor-element-099bc70 e-flex e-con-boxed e-con e-parent\" data-id=\"099bc70\" data-element_type=\"container\" data-e-type=\"container\" id=\"rainbow-caterpillar\" data-settings=\"{&quot;background_background&quot;:&quot;classic&quot;}\">\n\t\t\t\t\t<div class=\"e-con-inner\">\n\t\t<div class=\"elementor-element elementor-element-bca1cb1 e-con-full e-flex e-con e-child\" data-id=\"bca1cb1\" data-element_type=\"container\" data-e-type=\"container\">\n\t\t\t\t<div class=\"elementor-element elementor-element-78e8f2d elementor-widget elementor-widget-image\" data-id=\"78e8f2d\" data-element_type=\"widget\" data-e-type=\"widget\" data-widget_type=\"image.default\">\n\t\t\t\t\t\t\t\t\t\t\t\t\t\t\t<img decoding=\"async\" width=\"539\" height=\"86\" src=\"https:\/\/jaimeriascos.org\/wp-content\/uploads\/2025\/12\/rainbvow-caterpilar-title.webp\" class=\"attachment-full size-full wp-image-395\" alt=\"\" srcset=\"https:\/\/jaimeriascos.org\/wp-content\/uploads\/2025\/12\/rainbvow-caterpilar-title.webp 539w, https:\/\/jaimeriascos.org\/wp-content\/uploads\/2025\/12\/rainbvow-caterpilar-title-300x48.webp 300w, https:\/\/jaimeriascos.org\/wp-content\/uploads\/2025\/12\/rainbvow-caterpilar-title-18x3.webp 18w\" sizes=\"(max-width: 539px) 100vw, 539px\" \/>\t\t\t\t\t\t\t\t\t\t\t\t\t\t\t<\/div>\n\t\t\t\t<div class=\"elementor-element elementor-element-76c8837 elementor-widget elementor-widget-text-editor\" data-id=\"76c8837\" data-element_type=\"widget\" data-e-type=\"widget\" data-widget_type=\"text-editor.default\">\n\t\t\t\t\t\t\t\t\t<p>A colorful, heartwarming storytelling program about openness, friendship, and the beauty of diversity.<strong> Oruga arco iris<\/strong> invites children to be open to new friends and to welcome differences in all their colors. In the end, it reminds us that forgiveness and friendship always walk hand in hand \u2014 and that every act of kindness leaves a little light behind.<\/p><p>The program also includes Raimundo, a Latin American adaptation of a Brothers Grimm tale that has traveled through the centuries. Filled with song and joyful interaction, children are invited on stage to bring the story to life. This timeless tale inspires respect for all living beings and a lifelong love for nature.<\/p>\t\t\t\t\t\t\t\t<\/div>\n\t\t<div class=\"elementor-element elementor-element-dfd8c37 e-con-full e-flex e-con e-child\" data-id=\"dfd8c37\" data-element_type=\"container\" data-e-type=\"container\" data-settings=\"{&quot;background_background&quot;:&quot;classic&quot;}\">\n\t\t\t\t<div class=\"elementor-element elementor-element-0792384 elementor-icon-list--layout-traditional elementor-list-item-link-full_width elementor-widget elementor-widget-icon-list\" data-id=\"0792384\" data-element_type=\"widget\" data-e-type=\"widget\" data-widget_type=\"icon-list.default\">\n\t\t\t\t\t\t\t<ul class=\"elementor-icon-list-items\">\n\t\t\t\t\t\t\t<li class=\"elementor-icon-list-item\">\n\t\t\t\t\t\t\t\t\t\t<span class=\"elementor-icon-list-text\">\u2728 <b>A joyful, tender, and imaginative program.<\/b><\/span>\n\t\t\t\t\t\t\t\t\t<\/li>\n\t\t\t\t\t\t\t\t<li class=\"elementor-icon-list-item\">\n\t\t\t\t\t\t\t\t\t\t<span class=\"elementor-icon-list-text\">\ud83d\udc67 <b>Ages: 4\u201310 | Format:<\/b> School, library, or festival | \u23f1 Duration: 40\u201345 minutes<\/span>\n\t\t\t\t\t\t\t\t\t<\/li>\n\t\t\t\t\t\t\t\t<li class=\"elementor-icon-list-item\">\n\t\t\t\t\t\t\t\t\t\t<span class=\"elementor-icon-list-text\"><b>\ud83c\udfb5 Available in English, Spanish, or bilingual format.<\/b> Includes music and audience participation.<\/span>\n\t\t\t\t\t\t\t\t\t<\/li>\n\t\t\t\t\t\t<\/ul>\n\t\t\t\t\t\t<\/div>\n\t\t\t\t<\/div>\n\t\t\t\t<\/div>\n\t\t<div class=\"elementor-element elementor-element-ff60849 e-con-full e-flex e-con e-child\" data-id=\"ff60849\" data-element_type=\"container\" data-e-type=\"container\">\n\t\t\t\t<div class=\"elementor-element elementor-element-3b999fb elementor-invisible elementor-widget elementor-widget-image\" data-id=\"3b999fb\" data-element_type=\"widget\" data-e-type=\"widget\" data-settings=\"{&quot;_animation&quot;:&quot;slideInUp&quot;}\" data-widget_type=\"image.default\">\n\t\t\t\t\t\t\t\t\t\t\t\t\t\t\t<img fetchpriority=\"high\" decoding=\"async\" width=\"800\" height=\"598\" src=\"https:\/\/jaimeriascos.org\/wp-content\/uploads\/2025\/12\/rainbow-caterpilar-cover-section-jaime-1024x766.webp\" class=\"attachment-large size-large wp-image-394\" alt=\"\" srcset=\"https:\/\/jaimeriascos.org\/wp-content\/uploads\/2025\/12\/rainbow-caterpilar-cover-section-jaime-1024x766.webp 1024w, https:\/\/jaimeriascos.org\/wp-content\/uploads\/2025\/12\/rainbow-caterpilar-cover-section-jaime-300x225.webp 300w, https:\/\/jaimeriascos.org\/wp-content\/uploads\/2025\/12\/rainbow-caterpilar-cover-section-jaime-768x575.webp 768w, https:\/\/jaimeriascos.org\/wp-content\/uploads\/2025\/12\/rainbow-caterpilar-cover-section-jaime-16x12.webp 16w, https:\/\/jaimeriascos.org\/wp-content\/uploads\/2025\/12\/rainbow-caterpilar-cover-section-jaime.webp 1352w\" sizes=\"(max-width: 800px) 100vw, 800px\" \/>\t\t\t\t\t\t\t\t\t\t\t\t\t\t\t<\/div>\n\t\t\t\t<\/div>\n\t\t\t\t\t<\/div>\n\t\t\t\t<\/div>\n\t\t<div class=\"elementor-element elementor-element-6540178 e-flex e-con-boxed e-con e-parent\" data-id=\"6540178\" data-element_type=\"container\" data-e-type=\"container\" id=\"minisifundio\" data-settings=\"{&quot;background_background&quot;:&quot;classic&quot;,&quot;shape_divider_top&quot;:&quot;book&quot;}\">\n\t\t\t\t\t<div class=\"e-con-inner\">\n\t\t\t\t<div class=\"elementor-shape elementor-shape-top\" aria-hidden=\"true\" data-negative=\"false\">\n\t\t\t<svg xmlns=\"http:\/\/www.w3.org\/2000\/svg\" viewbox=\"0 0 1000 100\" preserveaspectratio=\"none\">\n\t<path class=\"elementor-shape-fill\" d=\"M194,99c186.7,0.7,305-78.3,306-97.2c1,18.9,119.3,97.9,306,97.2c114.3-0.3,194,0.3,194,0.3s0-91.7,0-100c0,0,0,0,0-0 L0,0v99.3C0,99.3,79.7,98.7,194,99z\"\/>\n<\/svg>\t\t<\/div>\n\t\t<div class=\"elementor-element elementor-element-abffa56 e-con-full e-flex e-con e-child\" data-id=\"abffa56\" data-element_type=\"container\" data-e-type=\"container\">\n\t\t\t\t<div class=\"elementor-element elementor-element-1542fec elementor-widget elementor-widget-image\" data-id=\"1542fec\" data-element_type=\"widget\" data-e-type=\"widget\" data-widget_type=\"image.default\">\n\t\t\t\t\t\t\t\t\t\t\t\t\t\t\t<img decoding=\"async\" width=\"539\" height=\"133\" src=\"https:\/\/jaimeriascos.org\/wp-content\/uploads\/2025\/12\/misifundio-program-title.webp\" class=\"attachment-full size-full wp-image-398\" alt=\"\" srcset=\"https:\/\/jaimeriascos.org\/wp-content\/uploads\/2025\/12\/misifundio-program-title.webp 539w, https:\/\/jaimeriascos.org\/wp-content\/uploads\/2025\/12\/misifundio-program-title-300x74.webp 300w, https:\/\/jaimeriascos.org\/wp-content\/uploads\/2025\/12\/misifundio-program-title-18x4.webp 18w\" sizes=\"(max-width: 539px) 100vw, 539px\" \/>\t\t\t\t\t\t\t\t\t\t\t\t\t\t\t<\/div>\n\t\t\t\t<div class=\"elementor-element elementor-element-7961530 elementor-widget elementor-widget-text-editor\" data-id=\"7961530\" data-element_type=\"widget\" data-e-type=\"widget\" data-widget_type=\"text-editor.default\">\n\t\t\t\t\t\t\t\t\t<p>Un entra\u00f1able cuento infantil que se cuenta a menudo en las escuelas latinoamericanas. Minisifundio vive en una casita con su familia, so\u00f1ando todo el d\u00eda con dulces y postres. A trav\u00e9s del humor, la ternura y el suspense, esta historia destaca la importancia de escuchar a nuestros padres y comprender el amor que hay detr\u00e1s de sus cuidados.<br \/><br \/>The program also includes Goliath II, the tiniest elephant in the world \u2014 a playful and suspenseful tale in which he faces the animal elephants fear most: a mouse. Children join Goliath\u2019s adventure and learn that believing in yourself can make even the smallest hero stand tall.<\/p>\t\t\t\t\t\t\t\t<\/div>\n\t\t<div class=\"elementor-element elementor-element-094b72b e-con-full e-flex e-con e-child\" data-id=\"094b72b\" data-element_type=\"container\" data-e-type=\"container\" data-settings=\"{&quot;background_background&quot;:&quot;classic&quot;}\">\n\t\t\t\t<div class=\"elementor-element elementor-element-cb366fc elementor-icon-list--layout-traditional elementor-list-item-link-full_width elementor-widget elementor-widget-icon-list\" data-id=\"cb366fc\" data-element_type=\"widget\" data-e-type=\"widget\" data-widget_type=\"icon-list.default\">\n\t\t\t\t\t\t\t<ul class=\"elementor-icon-list-items\">\n\t\t\t\t\t\t\t<li class=\"elementor-icon-list-item\">\n\t\t\t\t\t\t\t\t\t\t<span class=\"elementor-icon-list-text\">\u2728 <b>A touching, funny, and inspiring program.<\/b><\/span>\n\t\t\t\t\t\t\t\t\t<\/li>\n\t\t\t\t\t\t\t\t<li class=\"elementor-icon-list-item\">\n\t\t\t\t\t\t\t\t\t\t<span class=\"elementor-icon-list-text\">\ud83d\udc67 <b>Ages: 4\u201310 | Format:<\/b> School, library, or festival | \u23f1 Duration: 40\u201345 minutes<\/span>\n\t\t\t\t\t\t\t\t\t<\/li>\n\t\t\t\t\t\t\t\t<li class=\"elementor-icon-list-item\">\n\t\t\t\t\t\t\t\t\t\t<span class=\"elementor-icon-list-text\"><b>\ud83c\udfb5 Available in English, Spanish, or bilingual format.<\/b> Includes music and audience participation.<\/span>\n\t\t\t\t\t\t\t\t\t<\/li>\n\t\t\t\t\t\t<\/ul>\n\t\t\t\t\t\t<\/div>\n\t\t\t\t<\/div>\n\t\t\t\t<\/div>\n\t\t<div class=\"elementor-element elementor-element-4a91bdf e-con-full e-flex e-con e-child\" data-id=\"4a91bdf\" data-element_type=\"container\" data-e-type=\"container\">\n\t\t\t\t<div class=\"elementor-element elementor-element-c03d1f2 elementor-invisible elementor-widget elementor-widget-image\" data-id=\"c03d1f2\" data-element_type=\"widget\" data-e-type=\"widget\" data-settings=\"{&quot;_animation&quot;:&quot;slideInUp&quot;,&quot;_animation_delay&quot;:200}\" data-widget_type=\"image.default\">\n\t\t\t\t\t\t\t\t\t\t\t\t\t\t\t<img loading=\"lazy\" decoding=\"async\" width=\"800\" height=\"700\" src=\"https:\/\/jaimeriascos.org\/wp-content\/uploads\/2025\/12\/Jaime-1-1024x896-1-e1766546896165.webp\" class=\"attachment-large size-large wp-image-390\" alt=\"\" srcset=\"https:\/\/jaimeriascos.org\/wp-content\/uploads\/2025\/12\/Jaime-1-1024x896-1-e1766546896165.webp 1024w, https:\/\/jaimeriascos.org\/wp-content\/uploads\/2025\/12\/Jaime-1-1024x896-1-e1766546896165-300x263.webp 300w, https:\/\/jaimeriascos.org\/wp-content\/uploads\/2025\/12\/Jaime-1-1024x896-1-e1766546896165-768x672.webp 768w, https:\/\/jaimeriascos.org\/wp-content\/uploads\/2025\/12\/Jaime-1-1024x896-1-e1766546896165-14x12.webp 14w\" sizes=\"(max-width: 800px) 100vw, 800px\" \/>\t\t\t\t\t\t\t\t\t\t\t\t\t\t\t<\/div>\n\t\t\t\t<\/div>\n\t\t\t\t\t<\/div>\n\t\t\t\t<\/div>\n\t\t<div class=\"elementor-element elementor-element-af6f09e e-flex e-con-boxed e-con e-parent\" data-id=\"af6f09e\" data-element_type=\"container\" data-e-type=\"container\" id=\"magic-woman\" data-settings=\"{&quot;background_background&quot;:&quot;classic&quot;,&quot;shape_divider_top&quot;:&quot;book&quot;}\">\n\t\t\t\t\t<div class=\"e-con-inner\">\n\t\t\t\t<div class=\"elementor-shape elementor-shape-top\" aria-hidden=\"true\" data-negative=\"false\">\n\t\t\t<svg xmlns=\"http:\/\/www.w3.org\/2000\/svg\" viewbox=\"0 0 1000 100\" preserveaspectratio=\"none\">\n\t<path class=\"elementor-shape-fill\" d=\"M194,99c186.7,0.7,305-78.3,306-97.2c1,18.9,119.3,97.9,306,97.2c114.3-0.3,194,0.3,194,0.3s0-91.7,0-100c0,0,0,0,0-0 L0,0v99.3C0,99.3,79.7,98.7,194,99z\"\/>\n<\/svg>\t\t<\/div>\n\t\t<div class=\"elementor-element elementor-element-1326eb5 e-con-full e-flex e-con e-child\" data-id=\"1326eb5\" data-element_type=\"container\" data-e-type=\"container\">\n\t\t\t\t<div class=\"elementor-element elementor-element-7e442f1 elementor-widget elementor-widget-image\" data-id=\"7e442f1\" data-element_type=\"widget\" data-e-type=\"widget\" data-widget_type=\"image.default\">\n\t\t\t\t\t\t\t\t\t\t\t\t\t\t\t<img loading=\"lazy\" decoding=\"async\" width=\"539\" height=\"86\" src=\"https:\/\/jaimeriascos.org\/wp-content\/uploads\/2025\/12\/the-legend-of-the-magic-backgrond_01.webp\" class=\"attachment-full size-full wp-image-409\" alt=\"\" srcset=\"https:\/\/jaimeriascos.org\/wp-content\/uploads\/2025\/12\/the-legend-of-the-magic-backgrond_01.webp 539w, https:\/\/jaimeriascos.org\/wp-content\/uploads\/2025\/12\/the-legend-of-the-magic-backgrond_01-300x48.webp 300w, https:\/\/jaimeriascos.org\/wp-content\/uploads\/2025\/12\/the-legend-of-the-magic-backgrond_01-18x3.webp 18w\" sizes=\"(max-width: 539px) 100vw, 539px\" \/>\t\t\t\t\t\t\t\t\t\t\t\t\t\t\t<\/div>\n\t\t\t\t<div class=\"elementor-element elementor-element-9e24933 elementor-widget elementor-widget-text-editor\" data-id=\"9e24933\" data-element_type=\"widget\" data-e-type=\"widget\" data-widget_type=\"text-editor.default\">\n\t\t\t\t\t\t\t\t\t<p>Una de las leyendas m\u00e1s populares y contadas de Am\u00e9rica Latina, mezcla de misterio, risas y suspense. Este programa tambi\u00e9n incluye La Llorona, invitando a los ni\u00f1os a un mundo de seres m\u00edticos, fantasmas y esp\u00edritus ancestrales, donde cada historia despierta asombro y risas.<\/p>\t\t\t\t\t\t\t\t<\/div>\n\t\t<div class=\"elementor-element elementor-element-b01f39a e-con-full e-flex e-con e-child\" data-id=\"b01f39a\" data-element_type=\"container\" data-e-type=\"container\" data-settings=\"{&quot;background_background&quot;:&quot;classic&quot;}\">\n\t\t\t\t<div class=\"elementor-element elementor-element-1d15db2 elementor-icon-list--layout-traditional elementor-list-item-link-full_width elementor-widget elementor-widget-icon-list\" data-id=\"1d15db2\" data-element_type=\"widget\" data-e-type=\"widget\" data-widget_type=\"icon-list.default\">\n\t\t\t\t\t\t\t<ul class=\"elementor-icon-list-items\">\n\t\t\t\t\t\t\t<li class=\"elementor-icon-list-item\">\n\t\t\t\t\t\t\t\t\t\t<span class=\"elementor-icon-list-text\">\u2728 <b>A spooky, funny, and unforgettable program.<\/b><\/span>\n\t\t\t\t\t\t\t\t\t<\/li>\n\t\t\t\t\t\t\t\t<li class=\"elementor-icon-list-item\">\n\t\t\t\t\t\t\t\t\t\t<span class=\"elementor-icon-list-text\">\ud83d\udc67 <b>Ages: 7\u201312 | Format: <\/b>School, library, or festival | \u23f1 Duration: 40\u201345 minutes<\/span>\n\t\t\t\t\t\t\t\t\t<\/li>\n\t\t\t\t\t\t\t\t<li class=\"elementor-icon-list-item\">\n\t\t\t\t\t\t\t\t\t\t<span class=\"elementor-icon-list-text\"><b>\ud83c\udfb5 Available in English, Spanish, or bilingual format.<\/b> Includes music and audience participation.<\/span>\n\t\t\t\t\t\t\t\t\t<\/li>\n\t\t\t\t\t\t<\/ul>\n\t\t\t\t\t\t<\/div>\n\t\t\t\t<\/div>\n\t\t\t\t<\/div>\n\t\t<div class=\"elementor-element elementor-element-e9c464d e-con-full e-flex e-con e-child\" data-id=\"e9c464d\" data-element_type=\"container\" data-e-type=\"container\">\n\t\t\t\t<div class=\"elementor-element elementor-element-6a0303e elementor-invisible elementor-widget elementor-widget-image\" data-id=\"6a0303e\" data-element_type=\"widget\" data-e-type=\"widget\" data-settings=\"{&quot;_animation&quot;:&quot;slideInUp&quot;,&quot;_animation_delay&quot;:200}\" data-widget_type=\"image.default\">\n\t\t\t\t\t\t\t\t\t\t\t\t\t\t\t<img loading=\"lazy\" decoding=\"async\" width=\"800\" height=\"800\" src=\"https:\/\/jaimeriascos.org\/wp-content\/uploads\/2026\/01\/the-legend-of-the-magic-woman_cover-02.webp\" class=\"attachment-large size-large wp-image-509\" alt=\"\" srcset=\"https:\/\/jaimeriascos.org\/wp-content\/uploads\/2026\/01\/the-legend-of-the-magic-woman_cover-02.webp 1024w, https:\/\/jaimeriascos.org\/wp-content\/uploads\/2026\/01\/the-legend-of-the-magic-woman_cover-02-300x300.webp 300w, https:\/\/jaimeriascos.org\/wp-content\/uploads\/2026\/01\/the-legend-of-the-magic-woman_cover-02-150x150.webp 150w, https:\/\/jaimeriascos.org\/wp-content\/uploads\/2026\/01\/the-legend-of-the-magic-woman_cover-02-768x768.webp 768w, https:\/\/jaimeriascos.org\/wp-content\/uploads\/2026\/01\/the-legend-of-the-magic-woman_cover-02-12x12.webp 12w\" sizes=\"(max-width: 800px) 100vw, 800px\" \/>\t\t\t\t\t\t\t\t\t\t\t\t\t\t\t<\/div>\n\t\t\t\t<\/div>\n\t\t\t\t\t<\/div>\n\t\t\t\t<\/div>\n\t\t<div class=\"elementor-element elementor-element-b9e4661 e-flex e-con-boxed e-con e-parent\" data-id=\"b9e4661\" data-element_type=\"container\" data-e-type=\"container\" data-settings=\"{&quot;background_background&quot;:&quot;classic&quot;}\">\n\t\t\t\t\t<div class=\"e-con-inner\">\n\t\t\t\t<div class=\"elementor-element elementor-element-4ef3ce9 elementor-widget elementor-widget-heading\" data-id=\"4ef3ce9\" data-element_type=\"widget\" data-e-type=\"widget\" data-widget_type=\"heading.default\">\n\t\t\t\t\t<h4 class=\"elementor-heading-title elementor-size-default\">\u2728 \u201cThe universe is made of stories, not of atoms.\u201d <\/h4>\t\t\t\t<\/div>\n\t\t\t\t\t<\/div>\n\t\t\t\t<\/div>\n\t\t\t\t<\/div>","protected":false},"excerpt":{"rendered":"<p>A colorful, heartwarming storytelling program about openness, friendship, and the beauty of diversity. Rainbow Caterpillar invites children to be open to new friends and to welcome differences in all their colors. In the end, it reminds us that forgiveness and friendship always walk hand in hand \u2014 and that every act of kindness leaves a [&hellip;]<\/p>","protected":false},"author":1,"featured_media":0,"parent":0,"menu_order":0,"comment_status":"closed","ping_status":"closed","template":"","meta":{"footnotes":""},"class_list":["post-16","page","type-page","status-publish","hentry"],"_links":{"self":[{"href":"https:\/\/jaimeriascos.org\/es\/wp-json\/wp\/v2\/pages\/16","targetHints":{"allow":["GET"]}}],"collection":[{"href":"https:\/\/jaimeriascos.org\/es\/wp-json\/wp\/v2\/pages"}],"about":[{"href":"https:\/\/jaimeriascos.org\/es\/wp-json\/wp\/v2\/types\/page"}],"author":[{"embeddable":true,"href":"https:\/\/jaimeriascos.org\/es\/wp-json\/wp\/v2\/users\/1"}],"replies":[{"embeddable":true,"href":"https:\/\/jaimeriascos.org\/es\/wp-json\/wp\/v2\/comments?post=16"}],"version-history":[{"count":73,"href":"https:\/\/jaimeriascos.org\/es\/wp-json\/wp\/v2\/pages\/16\/revisions"}],"predecessor-version":[{"id":515,"href":"https:\/\/jaimeriascos.org\/es\/wp-json\/wp\/v2\/pages\/16\/revisions\/515"}],"wp:attachment":[{"href":"https:\/\/jaimeriascos.org\/es\/wp-json\/wp\/v2\/media?parent=16"}],"curies":[{"name":"wp","href":"https:\/\/api.w.org\/{rel}","templated":true}]}}